{"id":33870,"date":"2024-11-11T13:59:52","date_gmt":"2024-11-11T13:59:52","guid":{"rendered":"https:\/\/atlastoilets.com\/product\/33870\/"},"modified":"2024-11-11T13:59:52","modified_gmt":"2024-11-11T13:59:52","slug":"33870","status":"publish","type":"product","link":"https:\/\/atlastoilets.com\/es\/producto\/33870\/","title":{"rendered":""},"content":{"rendered":"<p>Grifo de lavabo para manguera de 10mm y 13mm.<br \/>\nDise\u00f1o empotrado en negro. El grifo compacto y fiable de Whale, especialmente dise\u00f1ado para sanitarios m\u00f3viles.<br \/>\nWhale n\u00ba CS1217.<\/p>\n","protected":false},"excerpt":{"rendered":"<p>Grifo de lavabo para manguera de 10mm y 13mm.<br \/>\nDise\u00f1o empotrado en negro.<\/p>\n","protected":false},"featured_media":33483,"template":"","meta":[],"product_brand":[],"product_cat":[904],"product_tag":[],"class_list":{"0":"post-33870","1":"product","2":"type-product","3":"status-publish","4":"has-post-thumbnail","6":"product_cat-repuestos-de-lavamanos","8":"first","9":"instock","10":"taxable","11":"shipping-taxable","12":"purchasable","13":"product-type-simple"},"yoast_head":"<!-- This site is optimized with the Yoast SEO plugin v26.1.1 - https:\/\/yoast.com\/wordpress\/plugins\/seo\/ -->\n<title>Grifo de lavabo para manguera de 10mm y 13mm<\/title>\n<meta name=\"description\" content=\"Grifo de lavabo para manguera de 10mm y 13mm. Dise\u00f1o empotrado en negro. El grifo compacto y fiable de Whale,\" \/>\n<meta name=\"robots\" content=\"index, follow, max-snippet:-1, max-image-preview:large, max-video-preview:-1\" \/>\n<link rel=\"canonical\" href=\"https:\/\/atlastoilets.com\/es\/producto\/33870\/\" \/>\n<meta property=\"og:locale\" content=\"es_ES\" \/>\n<meta property=\"og:type\" content=\"article\" \/>\n<meta property=\"og:title\" content=\"Grifo de lavabo para manguera de 10mm y 13mm\" \/>\n<meta property=\"og:description\" content=\"Grifo de lavabo para manguera de 10mm y 13mm. Dise\u00f1o empotrado en negro. El grifo compacto y fiable de Whale,\" \/>\n<meta property=\"og:url\" content=\"https:\/\/atlastoilets.com\/es\/producto\/33870\/\" \/>\n<meta property=\"og:site_name\" content=\"Resolve Sanitation Products\" \/>\n<meta property=\"og:image\" content=\"https:\/\/atlastoilets.com\/wp-content\/uploads\/2024\/11\/cs1217_Tap-for-handwashunit_25215203.jpg\" \/>\n\t<meta property=\"og:image:width\" content=\"900\" \/>\n\t<meta property=\"og:image:height\" content=\"900\" \/>\n\t<meta property=\"og:image:type\" content=\"image\/jpeg\" \/>\n<meta name=\"twitter:card\" content=\"summary_large_image\" \/>\n<script type=\"application\/ld+json\" class=\"yoast-schema-graph\">{\"@context\":\"https:\/\/schema.org\",\"@graph\":[{\"@type\":[\"WebPage\",\"ItemPage\"],\"@id\":\"https:\/\/atlastoilets.com\/es\/producto\/33870\/\",\"url\":\"https:\/\/atlastoilets.com\/es\/producto\/33870\/\",\"name\":\"Grifo de lavabo para manguera de 10mm y 13mm\",\"isPartOf\":{\"@id\":\"https:\/\/atlastoilets.com\/#website\"},\"primaryImageOfPage\":{\"@id\":\"https:\/\/atlastoilets.com\/es\/producto\/33870\/#primaryimage\"},\"image\":{\"@id\":\"https:\/\/atlastoilets.com\/es\/producto\/33870\/#primaryimage\"},\"thumbnailUrl\":\"https:\/\/atlastoilets.com\/wp-content\/uploads\/2024\/11\/cs1217_Tap-for-handwashunit_25215203.jpg\",\"datePublished\":\"2024-11-11T13:59:52+00:00\",\"description\":\"Grifo de lavabo para manguera de 10mm y 13mm. Dise\u00f1o empotrado en negro. El grifo compacto y fiable de Whale,\",\"breadcrumb\":{\"@id\":\"https:\/\/atlastoilets.com\/es\/producto\/33870\/#breadcrumb\"},\"inLanguage\":\"es\",\"potentialAction\":[{\"@type\":\"ReadAction\",\"target\":[\"https:\/\/atlastoilets.com\/es\/producto\/33870\/\"]}]},{\"@type\":\"ImageObject\",\"inLanguage\":\"es\",\"@id\":\"https:\/\/atlastoilets.com\/es\/producto\/33870\/#primaryimage\",\"url\":\"https:\/\/atlastoilets.com\/wp-content\/uploads\/2024\/11\/cs1217_Tap-for-handwashunit_25215203.jpg\",\"contentUrl\":\"https:\/\/atlastoilets.com\/wp-content\/uploads\/2024\/11\/cs1217_Tap-for-handwashunit_25215203.jpg\",\"width\":900,\"height\":900,\"caption\":\"Grifo de lavabo\"},{\"@type\":\"BreadcrumbList\",\"@id\":\"https:\/\/atlastoilets.com\/es\/producto\/33870\/#breadcrumb\",\"itemListElement\":[{\"@type\":\"ListItem\",\"position\":1,\"name\":\"Home\",\"item\":\"https:\/\/atlastoilets.com\/es\/\"},{\"@type\":\"ListItem\",\"position\":2,\"name\":\"Tienda\",\"item\":\"https:\/\/atlastoilets.com\/es\/tienda\/\"}]},{\"@type\":\"WebSite\",\"@id\":\"https:\/\/atlastoilets.com\/#website\",\"url\":\"https:\/\/atlastoilets.com\/\",\"name\":\"Resolve Sanitation Products\",\"description\":\"Total supplier for toilet rental companies\",\"potentialAction\":[{\"@type\":\"SearchAction\",\"target\":{\"@type\":\"EntryPoint\",\"urlTemplate\":\"https:\/\/atlastoilets.com\/?s={search_term_string}\"},\"query-input\":{\"@type\":\"PropertyValueSpecification\",\"valueRequired\":true,\"valueName\":\"search_term_string\"}}],\"inLanguage\":\"es\"}]}<\/script>\n<!-- \/ Yoast SEO plugin. -->","yoast_head_json":{"title":"Grifo de lavabo para manguera de 10mm y 13mm","description":"Grifo de lavabo para manguera de 10mm y 13mm. Dise\u00f1o empotrado en negro. El grifo compacto y fiable de Whale,","robots":{"index":"index","follow":"follow","max-snippet":"max-snippet:-1","max-image-preview":"max-image-preview:large","max-video-preview":"max-video-preview:-1"},"canonical":"https:\/\/atlastoilets.com\/es\/producto\/33870\/","og_locale":"es_ES","og_type":"article","og_title":"Grifo de lavabo para manguera de 10mm y 13mm","og_description":"Grifo de lavabo para manguera de 10mm y 13mm. Dise\u00f1o empotrado en negro. El grifo compacto y fiable de Whale,","og_url":"https:\/\/atlastoilets.com\/es\/producto\/33870\/","og_site_name":"Resolve Sanitation Products","og_image":[{"width":900,"height":900,"url":"https:\/\/atlastoilets.com\/wp-content\/uploads\/2024\/11\/cs1217_Tap-for-handwashunit_25215203.jpg","type":"image\/jpeg"}],"twitter_card":"summary_large_image","schema":{"@context":"https:\/\/schema.org","@graph":[{"@type":["WebPage","ItemPage"],"@id":"https:\/\/atlastoilets.com\/es\/producto\/33870\/","url":"https:\/\/atlastoilets.com\/es\/producto\/33870\/","name":"Grifo de lavabo para manguera de 10mm y 13mm","isPartOf":{"@id":"https:\/\/atlastoilets.com\/#website"},"primaryImageOfPage":{"@id":"https:\/\/atlastoilets.com\/es\/producto\/33870\/#primaryimage"},"image":{"@id":"https:\/\/atlastoilets.com\/es\/producto\/33870\/#primaryimage"},"thumbnailUrl":"https:\/\/atlastoilets.com\/wp-content\/uploads\/2024\/11\/cs1217_Tap-for-handwashunit_25215203.jpg","datePublished":"2024-11-11T13:59:52+00:00","description":"Grifo de lavabo para manguera de 10mm y 13mm. Dise\u00f1o empotrado en negro. El grifo compacto y fiable de Whale,","breadcrumb":{"@id":"https:\/\/atlastoilets.com\/es\/producto\/33870\/#breadcrumb"},"inLanguage":"es","potentialAction":[{"@type":"ReadAction","target":["https:\/\/atlastoilets.com\/es\/producto\/33870\/"]}]},{"@type":"ImageObject","inLanguage":"es","@id":"https:\/\/atlastoilets.com\/es\/producto\/33870\/#primaryimage","url":"https:\/\/atlastoilets.com\/wp-content\/uploads\/2024\/11\/cs1217_Tap-for-handwashunit_25215203.jpg","contentUrl":"https:\/\/atlastoilets.com\/wp-content\/uploads\/2024\/11\/cs1217_Tap-for-handwashunit_25215203.jpg","width":900,"height":900,"caption":"Grifo de lavabo"},{"@type":"BreadcrumbList","@id":"https:\/\/atlastoilets.com\/es\/producto\/33870\/#breadcrumb","itemListElement":[{"@type":"ListItem","position":1,"name":"Home","item":"https:\/\/atlastoilets.com\/es\/"},{"@type":"ListItem","position":2,"name":"Tienda","item":"https:\/\/atlastoilets.com\/es\/tienda\/"}]},{"@type":"WebSite","@id":"https:\/\/atlastoilets.com\/#website","url":"https:\/\/atlastoilets.com\/","name":"Resolve Sanitation Products","description":"Total supplier for toilet rental companies","potentialAction":[{"@type":"SearchAction","target":{"@type":"EntryPoint","urlTemplate":"https:\/\/atlastoilets.com\/?s={search_term_string}"},"query-input":{"@type":"PropertyValueSpecification","valueRequired":true,"valueName":"search_term_string"}}],"inLanguage":"es"}]}},"_links":{"self":[{"href":"https:\/\/atlastoilets.com\/es\/wp-json\/wp\/v2\/product\/33870","targetHints":{"allow":["GET"]}}],"collection":[{"href":"https:\/\/atlastoilets.com\/es\/wp-json\/wp\/v2\/product"}],"about":[{"href":"https:\/\/atlastoilets.com\/es\/wp-json\/wp\/v2\/types\/product"}],"wp:featuredmedia":[{"embeddable":true,"href":"https:\/\/atlastoilets.com\/es\/wp-json\/wp\/v2\/media\/33483"}],"wp:attachment":[{"href":"https:\/\/atlastoilets.com\/es\/wp-json\/wp\/v2\/media?parent=33870"}],"wp:term":[{"taxonomy":"product_brand","embeddable":true,"href":"https:\/\/atlastoilets.com\/es\/wp-json\/wp\/v2\/product_brand?post=33870"},{"taxonomy":"product_cat","embeddable":true,"href":"https:\/\/atlastoilets.com\/es\/wp-json\/wp\/v2\/product_cat?post=33870"},{"taxonomy":"product_tag","embeddable":true,"href":"https:\/\/atlastoilets.com\/es\/wp-json\/wp\/v2\/product_tag?post=33870"}],"curies":[{"name":"wp","href":"https:\/\/api.w.org\/{rel}","templated":true}]}}