{"id":20318,"date":"2022-03-07T13:41:25","date_gmt":"2022-03-07T13:41:25","guid":{"rendered":"https:\/\/www.mobileurinal.eu\/product\/limpiador-de-urinarios\/"},"modified":"2022-05-23T12:37:18","modified_gmt":"2022-05-23T12:37:18","slug":"limpiador-de-urinarios","status":"publish","type":"product","link":"https:\/\/atlastoilets.com\/es\/producto\/limpiador-de-urinarios\/","title":{"rendered":"Limpiador de urinarios"},"content":{"rendered":"<p>El limpiador de urinarios concentrado elimina eficazmente los dep\u00f3sitos de calcio, difunde una fragancia fresca y restaura los urinarios a nuevas condiciones.<br \/>\nSimplemente roc\u00ede en las \u00e1reas afectadas (urinarios, pisos) y elimine la acumulaci\u00f3n con facilidad.<\/p>\n","protected":false},"excerpt":{"rendered":"<p>El limpiador de\u00a0urinarios\u00a0concentrado elimina eficazmente los dep\u00f3sitos de calcio, restaurando los urinarios a nuevas condiciones.<br \/>\nSimplemente roc\u00ede en las \u00e1reas afectadas (urinarios, pisos) y elimine la acumulaci\u00f3n con facilidad.<\/p>\n","protected":false},"featured_media":26487,"template":"","meta":[],"product_brand":[],"product_cat":[952],"product_tag":[724,630],"class_list":{"0":"post-20318","1":"product","2":"type-product","3":"status-publish","4":"has-post-thumbnail","6":"product_cat-productos-de-limpieza","7":"product_tag-solucion-limpiadora","8":"product_tag-urinario","10":"first","11":"instock","12":"taxable","13":"shipping-taxable","14":"purchasable","15":"product-type-simple"},"yoast_head":"<!-- This site is optimized with the Yoast SEO plugin v26.1.1 - https:\/\/yoast.com\/wordpress\/plugins\/seo\/ -->\n<title>Limpiador de urinarios elimina los dep\u00f3sitos de calcio<\/title>\n<meta name=\"description\" content=\"El limpiador de urinarios elimina los dep\u00f3sitos de calcio, difunde una fragancia fresca y restaura los urinarios a nuevas condiciones.\" \/>\n<meta name=\"robots\" content=\"index, follow, max-snippet:-1, max-image-preview:large, max-video-preview:-1\" \/>\n<link rel=\"canonical\" href=\"https:\/\/atlastoilets.com\/es\/producto\/limpiador-de-urinarios\/\" \/>\n<meta property=\"og:locale\" content=\"es_ES\" \/>\n<meta property=\"og:type\" content=\"article\" \/>\n<meta property=\"og:title\" content=\"Limpiador de urinarios elimina los dep\u00f3sitos de calcio\" \/>\n<meta property=\"og:description\" content=\"El limpiador de urinarios elimina los dep\u00f3sitos de calcio, difunde una fragancia fresca y restaura los urinarios a nuevas condiciones.\" \/>\n<meta property=\"og:url\" content=\"https:\/\/atlastoilets.com\/es\/producto\/limpiador-de-urinarios\/\" \/>\n<meta property=\"og:site_name\" content=\"Resolve Sanitation Products\" \/>\n<meta property=\"article:modified_time\" content=\"2022-05-23T12:37:18+00:00\" \/>\n<meta property=\"og:image\" content=\"https:\/\/atlastoilets.com\/wp-content\/uploads\/2022\/03\/urinal-cleaner.jpg\" \/>\n\t<meta property=\"og:image:width\" content=\"1000\" \/>\n\t<meta property=\"og:image:height\" content=\"1000\" \/>\n\t<meta property=\"og:image:type\" content=\"image\/jpeg\" \/>\n<meta name=\"twitter:card\" content=\"summary_large_image\" \/>\n<script type=\"application\/ld+json\" class=\"yoast-schema-graph\">{\"@context\":\"https:\/\/schema.org\",\"@graph\":[{\"@type\":[\"WebPage\",\"ItemPage\"],\"@id\":\"https:\/\/atlastoilets.com\/es\/producto\/limpiador-de-urinarios\/\",\"url\":\"https:\/\/atlastoilets.com\/es\/producto\/limpiador-de-urinarios\/\",\"name\":\"Limpiador de urinarios elimina los dep\u00f3sitos de calcio\",\"isPartOf\":{\"@id\":\"https:\/\/atlastoilets.com\/#website\"},\"primaryImageOfPage\":{\"@id\":\"https:\/\/atlastoilets.com\/es\/producto\/limpiador-de-urinarios\/#primaryimage\"},\"image\":{\"@id\":\"https:\/\/atlastoilets.com\/es\/producto\/limpiador-de-urinarios\/#primaryimage\"},\"thumbnailUrl\":\"https:\/\/atlastoilets.com\/wp-content\/uploads\/2022\/03\/urinal-cleaner.jpg\",\"datePublished\":\"2022-03-07T13:41:25+00:00\",\"dateModified\":\"2022-05-23T12:37:18+00:00\",\"description\":\"El limpiador de urinarios elimina los dep\u00f3sitos de calcio, difunde una fragancia fresca y restaura los urinarios a nuevas condiciones.\",\"breadcrumb\":{\"@id\":\"https:\/\/atlastoilets.com\/es\/producto\/limpiador-de-urinarios\/#breadcrumb\"},\"inLanguage\":\"es\",\"potentialAction\":[{\"@type\":\"ReadAction\",\"target\":[\"https:\/\/atlastoilets.com\/es\/producto\/limpiador-de-urinarios\/\"]}]},{\"@type\":\"ImageObject\",\"inLanguage\":\"es\",\"@id\":\"https:\/\/atlastoilets.com\/es\/producto\/limpiador-de-urinarios\/#primaryimage\",\"url\":\"https:\/\/atlastoilets.com\/wp-content\/uploads\/2022\/03\/urinal-cleaner.jpg\",\"contentUrl\":\"https:\/\/atlastoilets.com\/wp-content\/uploads\/2022\/03\/urinal-cleaner.jpg\",\"width\":1000,\"height\":1000,\"caption\":\"limpiador de urinarios\"},{\"@type\":\"BreadcrumbList\",\"@id\":\"https:\/\/atlastoilets.com\/es\/producto\/limpiador-de-urinarios\/#breadcrumb\",\"itemListElement\":[{\"@type\":\"ListItem\",\"position\":1,\"name\":\"Home\",\"item\":\"https:\/\/atlastoilets.com\/es\/\"},{\"@type\":\"ListItem\",\"position\":2,\"name\":\"Tienda\",\"item\":\"https:\/\/atlastoilets.com\/es\/tienda\/\"},{\"@type\":\"ListItem\",\"position\":3,\"name\":\"Limpiador de urinarios\"}]},{\"@type\":\"WebSite\",\"@id\":\"https:\/\/atlastoilets.com\/#website\",\"url\":\"https:\/\/atlastoilets.com\/\",\"name\":\"Resolve Sanitation Products\",\"description\":\"Total supplier for toilet rental companies\",\"potentialAction\":[{\"@type\":\"SearchAction\",\"target\":{\"@type\":\"EntryPoint\",\"urlTemplate\":\"https:\/\/atlastoilets.com\/?s={search_term_string}\"},\"query-input\":{\"@type\":\"PropertyValueSpecification\",\"valueRequired\":true,\"valueName\":\"search_term_string\"}}],\"inLanguage\":\"es\"}]}<\/script>\n<!-- \/ Yoast SEO plugin. -->","yoast_head_json":{"title":"Limpiador de urinarios elimina los dep\u00f3sitos de calcio","description":"El limpiador de urinarios elimina los dep\u00f3sitos de calcio, difunde una fragancia fresca y restaura los urinarios a nuevas condiciones.","robots":{"index":"index","follow":"follow","max-snippet":"max-snippet:-1","max-image-preview":"max-image-preview:large","max-video-preview":"max-video-preview:-1"},"canonical":"https:\/\/atlastoilets.com\/es\/producto\/limpiador-de-urinarios\/","og_locale":"es_ES","og_type":"article","og_title":"Limpiador de urinarios elimina los dep\u00f3sitos de calcio","og_description":"El limpiador de urinarios elimina los dep\u00f3sitos de calcio, difunde una fragancia fresca y restaura los urinarios a nuevas condiciones.","og_url":"https:\/\/atlastoilets.com\/es\/producto\/limpiador-de-urinarios\/","og_site_name":"Resolve Sanitation Products","article_modified_time":"2022-05-23T12:37:18+00:00","og_image":[{"width":1000,"height":1000,"url":"https:\/\/atlastoilets.com\/wp-content\/uploads\/2022\/03\/urinal-cleaner.jpg","type":"image\/jpeg"}],"twitter_card":"summary_large_image","schema":{"@context":"https:\/\/schema.org","@graph":[{"@type":["WebPage","ItemPage"],"@id":"https:\/\/atlastoilets.com\/es\/producto\/limpiador-de-urinarios\/","url":"https:\/\/atlastoilets.com\/es\/producto\/limpiador-de-urinarios\/","name":"Limpiador de urinarios elimina los dep\u00f3sitos de calcio","isPartOf":{"@id":"https:\/\/atlastoilets.com\/#website"},"primaryImageOfPage":{"@id":"https:\/\/atlastoilets.com\/es\/producto\/limpiador-de-urinarios\/#primaryimage"},"image":{"@id":"https:\/\/atlastoilets.com\/es\/producto\/limpiador-de-urinarios\/#primaryimage"},"thumbnailUrl":"https:\/\/atlastoilets.com\/wp-content\/uploads\/2022\/03\/urinal-cleaner.jpg","datePublished":"2022-03-07T13:41:25+00:00","dateModified":"2022-05-23T12:37:18+00:00","description":"El limpiador de urinarios elimina los dep\u00f3sitos de calcio, difunde una fragancia fresca y restaura los urinarios a nuevas condiciones.","breadcrumb":{"@id":"https:\/\/atlastoilets.com\/es\/producto\/limpiador-de-urinarios\/#breadcrumb"},"inLanguage":"es","potentialAction":[{"@type":"ReadAction","target":["https:\/\/atlastoilets.com\/es\/producto\/limpiador-de-urinarios\/"]}]},{"@type":"ImageObject","inLanguage":"es","@id":"https:\/\/atlastoilets.com\/es\/producto\/limpiador-de-urinarios\/#primaryimage","url":"https:\/\/atlastoilets.com\/wp-content\/uploads\/2022\/03\/urinal-cleaner.jpg","contentUrl":"https:\/\/atlastoilets.com\/wp-content\/uploads\/2022\/03\/urinal-cleaner.jpg","width":1000,"height":1000,"caption":"limpiador de urinarios"},{"@type":"BreadcrumbList","@id":"https:\/\/atlastoilets.com\/es\/producto\/limpiador-de-urinarios\/#breadcrumb","itemListElement":[{"@type":"ListItem","position":1,"name":"Home","item":"https:\/\/atlastoilets.com\/es\/"},{"@type":"ListItem","position":2,"name":"Tienda","item":"https:\/\/atlastoilets.com\/es\/tienda\/"},{"@type":"ListItem","position":3,"name":"Limpiador de urinarios"}]},{"@type":"WebSite","@id":"https:\/\/atlastoilets.com\/#website","url":"https:\/\/atlastoilets.com\/","name":"Resolve Sanitation Products","description":"Total supplier for toilet rental companies","potentialAction":[{"@type":"SearchAction","target":{"@type":"EntryPoint","urlTemplate":"https:\/\/atlastoilets.com\/?s={search_term_string}"},"query-input":{"@type":"PropertyValueSpecification","valueRequired":true,"valueName":"search_term_string"}}],"inLanguage":"es"}]}},"_links":{"self":[{"href":"https:\/\/atlastoilets.com\/es\/wp-json\/wp\/v2\/product\/20318","targetHints":{"allow":["GET"]}}],"collection":[{"href":"https:\/\/atlastoilets.com\/es\/wp-json\/wp\/v2\/product"}],"about":[{"href":"https:\/\/atlastoilets.com\/es\/wp-json\/wp\/v2\/types\/product"}],"wp:featuredmedia":[{"embeddable":true,"href":"https:\/\/atlastoilets.com\/es\/wp-json\/wp\/v2\/media\/26487"}],"wp:attachment":[{"href":"https:\/\/atlastoilets.com\/es\/wp-json\/wp\/v2\/media?parent=20318"}],"wp:term":[{"taxonomy":"product_brand","embeddable":true,"href":"https:\/\/atlastoilets.com\/es\/wp-json\/wp\/v2\/product_brand?post=20318"},{"taxonomy":"product_cat","embeddable":true,"href":"https:\/\/atlastoilets.com\/es\/wp-json\/wp\/v2\/product_cat?post=20318"},{"taxonomy":"product_tag","embeddable":true,"href":"https:\/\/atlastoilets.com\/es\/wp-json\/wp\/v2\/product_tag?post=20318"}],"curies":[{"name":"wp","href":"https:\/\/api.w.org\/{rel}","templated":true}]}}