{"id":20283,"date":"2022-03-08T12:05:04","date_gmt":"2022-03-08T12:05:04","guid":{"rendered":"https:\/\/www.mobileurinal.eu\/product\/bomba-de-mano-atlas\/"},"modified":"2022-05-20T13:54:52","modified_gmt":"2022-05-20T13:54:52","slug":"bomba-de-mano-atlas","status":"publish","type":"product","link":"https:\/\/atlastoilets.com\/es\/producto\/bomba-de-mano-atlas\/","title":{"rendered":"Bomba de mano Resolve"},"content":{"rendered":"<p>Bomba de mano Resolve \u00a0para los ba\u00f1os port\u00e1tiles con recirculaci\u00f3n<br \/>\nRecambios para empresas de alquiler de sanitarios.<\/p>\n","protected":false},"excerpt":{"rendered":"<p>Bomba de mano Resolve para los ba\u00f1os port\u00e1tiles con recirculaci\u00f3n<\/p>\n","protected":false},"featured_media":26458,"template":"","meta":[],"product_brand":[],"product_cat":[932],"product_tag":[1132],"class_list":{"0":"post-20283","1":"product","2":"type-product","3":"status-publish","4":"has-post-thumbnail","6":"product_cat-repuestos-para-banos-de-recirculacion","7":"product_tag-recirculation-es","9":"first","10":"outofstock","11":"taxable","12":"shipping-taxable","13":"purchasable","14":"product-type-simple"},"yoast_head":"<!-- This site is optimized with the Yoast SEO plugin v26.1.1 - https:\/\/yoast.com\/wordpress\/plugins\/seo\/ -->\n<title>Bomba de mano Resolve \u00a0para los ba\u00f1os port\u00e1tiles con recirculaci\u00f3n.<\/title>\n<meta name=\"description\" content=\"Bomba de mano Resolve \u00a0para los ba\u00f1os port\u00e1tiles con recirculaci\u00f3n. Recambios para empresas de alquiler de sanitarios.\" \/>\n<meta name=\"robots\" content=\"index, follow, max-snippet:-1, max-image-preview:large, max-video-preview:-1\" \/>\n<link rel=\"canonical\" href=\"https:\/\/atlastoilets.com\/es\/producto\/bomba-de-mano-atlas\/\" \/>\n<meta property=\"og:locale\" content=\"es_ES\" \/>\n<meta property=\"og:type\" content=\"article\" \/>\n<meta property=\"og:title\" content=\"Bomba de mano Resolve \u00a0para los ba\u00f1os port\u00e1tiles con recirculaci\u00f3n.\" \/>\n<meta property=\"og:description\" content=\"Bomba de mano Resolve \u00a0para los ba\u00f1os port\u00e1tiles con recirculaci\u00f3n. Recambios para empresas de alquiler de sanitarios.\" \/>\n<meta property=\"og:url\" content=\"https:\/\/atlastoilets.com\/es\/producto\/bomba-de-mano-atlas\/\" \/>\n<meta property=\"og:site_name\" content=\"Resolve Sanitation Products\" \/>\n<meta property=\"article:modified_time\" content=\"2022-05-20T13:54:52+00:00\" \/>\n<meta property=\"og:image\" content=\"https:\/\/atlastoilets.com\/wp-content\/uploads\/2022\/03\/Resolve-hand-pump.jpg\" \/>\n\t<meta property=\"og:image:width\" content=\"1000\" \/>\n\t<meta property=\"og:image:height\" content=\"1000\" \/>\n\t<meta property=\"og:image:type\" content=\"image\/jpeg\" \/>\n<meta name=\"twitter:card\" content=\"summary_large_image\" \/>\n<script type=\"application\/ld+json\" class=\"yoast-schema-graph\">{\"@context\":\"https:\/\/schema.org\",\"@graph\":[{\"@type\":[\"WebPage\",\"ItemPage\"],\"@id\":\"https:\/\/atlastoilets.com\/es\/producto\/bomba-de-mano-atlas\/\",\"url\":\"https:\/\/atlastoilets.com\/es\/producto\/bomba-de-mano-atlas\/\",\"name\":\"Bomba de mano Resolve \u00a0para los ba\u00f1os port\u00e1tiles con recirculaci\u00f3n.\",\"isPartOf\":{\"@id\":\"https:\/\/atlastoilets.com\/#website\"},\"primaryImageOfPage\":{\"@id\":\"https:\/\/atlastoilets.com\/es\/producto\/bomba-de-mano-atlas\/#primaryimage\"},\"image\":{\"@id\":\"https:\/\/atlastoilets.com\/es\/producto\/bomba-de-mano-atlas\/#primaryimage\"},\"thumbnailUrl\":\"https:\/\/atlastoilets.com\/wp-content\/uploads\/2022\/03\/Resolve-hand-pump.jpg\",\"datePublished\":\"2022-03-08T12:05:04+00:00\",\"dateModified\":\"2022-05-20T13:54:52+00:00\",\"description\":\"Bomba de mano Resolve \u00a0para los ba\u00f1os port\u00e1tiles con recirculaci\u00f3n. Recambios para empresas de alquiler de sanitarios.\",\"breadcrumb\":{\"@id\":\"https:\/\/atlastoilets.com\/es\/producto\/bomba-de-mano-atlas\/#breadcrumb\"},\"inLanguage\":\"es\",\"potentialAction\":[{\"@type\":\"ReadAction\",\"target\":[\"https:\/\/atlastoilets.com\/es\/producto\/bomba-de-mano-atlas\/\"]}]},{\"@type\":\"ImageObject\",\"inLanguage\":\"es\",\"@id\":\"https:\/\/atlastoilets.com\/es\/producto\/bomba-de-mano-atlas\/#primaryimage\",\"url\":\"https:\/\/atlastoilets.com\/wp-content\/uploads\/2022\/03\/Resolve-hand-pump.jpg\",\"contentUrl\":\"https:\/\/atlastoilets.com\/wp-content\/uploads\/2022\/03\/Resolve-hand-pump.jpg\",\"width\":1000,\"height\":1000,\"caption\":\"Bomba de mano\"},{\"@type\":\"BreadcrumbList\",\"@id\":\"https:\/\/atlastoilets.com\/es\/producto\/bomba-de-mano-atlas\/#breadcrumb\",\"itemListElement\":[{\"@type\":\"ListItem\",\"position\":1,\"name\":\"Home\",\"item\":\"https:\/\/atlastoilets.com\/es\/\"},{\"@type\":\"ListItem\",\"position\":2,\"name\":\"Tienda\",\"item\":\"https:\/\/atlastoilets.com\/es\/tienda\/\"},{\"@type\":\"ListItem\",\"position\":3,\"name\":\"Bomba de mano Resolve\"}]},{\"@type\":\"WebSite\",\"@id\":\"https:\/\/atlastoilets.com\/#website\",\"url\":\"https:\/\/atlastoilets.com\/\",\"name\":\"Resolve Sanitation Products\",\"description\":\"Total supplier for toilet rental companies\",\"potentialAction\":[{\"@type\":\"SearchAction\",\"target\":{\"@type\":\"EntryPoint\",\"urlTemplate\":\"https:\/\/atlastoilets.com\/?s={search_term_string}\"},\"query-input\":{\"@type\":\"PropertyValueSpecification\",\"valueRequired\":true,\"valueName\":\"search_term_string\"}}],\"inLanguage\":\"es\"}]}<\/script>\n<!-- \/ Yoast SEO plugin. -->","yoast_head_json":{"title":"Bomba de mano Resolve \u00a0para los ba\u00f1os port\u00e1tiles con recirculaci\u00f3n.","description":"Bomba de mano Resolve \u00a0para los ba\u00f1os port\u00e1tiles con recirculaci\u00f3n. Recambios para empresas de alquiler de sanitarios.","robots":{"index":"index","follow":"follow","max-snippet":"max-snippet:-1","max-image-preview":"max-image-preview:large","max-video-preview":"max-video-preview:-1"},"canonical":"https:\/\/atlastoilets.com\/es\/producto\/bomba-de-mano-atlas\/","og_locale":"es_ES","og_type":"article","og_title":"Bomba de mano Resolve \u00a0para los ba\u00f1os port\u00e1tiles con recirculaci\u00f3n.","og_description":"Bomba de mano Resolve \u00a0para los ba\u00f1os port\u00e1tiles con recirculaci\u00f3n. Recambios para empresas de alquiler de sanitarios.","og_url":"https:\/\/atlastoilets.com\/es\/producto\/bomba-de-mano-atlas\/","og_site_name":"Resolve Sanitation Products","article_modified_time":"2022-05-20T13:54:52+00:00","og_image":[{"width":1000,"height":1000,"url":"https:\/\/atlastoilets.com\/wp-content\/uploads\/2022\/03\/Resolve-hand-pump.jpg","type":"image\/jpeg"}],"twitter_card":"summary_large_image","schema":{"@context":"https:\/\/schema.org","@graph":[{"@type":["WebPage","ItemPage"],"@id":"https:\/\/atlastoilets.com\/es\/producto\/bomba-de-mano-atlas\/","url":"https:\/\/atlastoilets.com\/es\/producto\/bomba-de-mano-atlas\/","name":"Bomba de mano Resolve \u00a0para los ba\u00f1os port\u00e1tiles con recirculaci\u00f3n.","isPartOf":{"@id":"https:\/\/atlastoilets.com\/#website"},"primaryImageOfPage":{"@id":"https:\/\/atlastoilets.com\/es\/producto\/bomba-de-mano-atlas\/#primaryimage"},"image":{"@id":"https:\/\/atlastoilets.com\/es\/producto\/bomba-de-mano-atlas\/#primaryimage"},"thumbnailUrl":"https:\/\/atlastoilets.com\/wp-content\/uploads\/2022\/03\/Resolve-hand-pump.jpg","datePublished":"2022-03-08T12:05:04+00:00","dateModified":"2022-05-20T13:54:52+00:00","description":"Bomba de mano Resolve \u00a0para los ba\u00f1os port\u00e1tiles con recirculaci\u00f3n. Recambios para empresas de alquiler de sanitarios.","breadcrumb":{"@id":"https:\/\/atlastoilets.com\/es\/producto\/bomba-de-mano-atlas\/#breadcrumb"},"inLanguage":"es","potentialAction":[{"@type":"ReadAction","target":["https:\/\/atlastoilets.com\/es\/producto\/bomba-de-mano-atlas\/"]}]},{"@type":"ImageObject","inLanguage":"es","@id":"https:\/\/atlastoilets.com\/es\/producto\/bomba-de-mano-atlas\/#primaryimage","url":"https:\/\/atlastoilets.com\/wp-content\/uploads\/2022\/03\/Resolve-hand-pump.jpg","contentUrl":"https:\/\/atlastoilets.com\/wp-content\/uploads\/2022\/03\/Resolve-hand-pump.jpg","width":1000,"height":1000,"caption":"Bomba de mano"},{"@type":"BreadcrumbList","@id":"https:\/\/atlastoilets.com\/es\/producto\/bomba-de-mano-atlas\/#breadcrumb","itemListElement":[{"@type":"ListItem","position":1,"name":"Home","item":"https:\/\/atlastoilets.com\/es\/"},{"@type":"ListItem","position":2,"name":"Tienda","item":"https:\/\/atlastoilets.com\/es\/tienda\/"},{"@type":"ListItem","position":3,"name":"Bomba de mano Resolve"}]},{"@type":"WebSite","@id":"https:\/\/atlastoilets.com\/#website","url":"https:\/\/atlastoilets.com\/","name":"Resolve Sanitation Products","description":"Total supplier for toilet rental companies","potentialAction":[{"@type":"SearchAction","target":{"@type":"EntryPoint","urlTemplate":"https:\/\/atlastoilets.com\/?s={search_term_string}"},"query-input":{"@type":"PropertyValueSpecification","valueRequired":true,"valueName":"search_term_string"}}],"inLanguage":"es"}]}},"_links":{"self":[{"href":"https:\/\/atlastoilets.com\/es\/wp-json\/wp\/v2\/product\/20283","targetHints":{"allow":["GET"]}}],"collection":[{"href":"https:\/\/atlastoilets.com\/es\/wp-json\/wp\/v2\/product"}],"about":[{"href":"https:\/\/atlastoilets.com\/es\/wp-json\/wp\/v2\/types\/product"}],"wp:featuredmedia":[{"embeddable":true,"href":"https:\/\/atlastoilets.com\/es\/wp-json\/wp\/v2\/media\/26458"}],"wp:attachment":[{"href":"https:\/\/atlastoilets.com\/es\/wp-json\/wp\/v2\/media?parent=20283"}],"wp:term":[{"taxonomy":"product_brand","embeddable":true,"href":"https:\/\/atlastoilets.com\/es\/wp-json\/wp\/v2\/product_brand?post=20283"},{"taxonomy":"product_cat","embeddable":true,"href":"https:\/\/atlastoilets.com\/es\/wp-json\/wp\/v2\/product_cat?post=20283"},{"taxonomy":"product_tag","embeddable":true,"href":"https:\/\/atlastoilets.com\/es\/wp-json\/wp\/v2\/product_tag?post=20283"}],"curies":[{"name":"wp","href":"https:\/\/api.w.org\/{rel}","templated":true}]}}