{"id":20279,"date":"2022-03-07T13:40:31","date_gmt":"2022-03-07T13:40:31","guid":{"rendered":"https:\/\/www.mobileurinal.eu\/product\/asiento-del-bano-oval\/"},"modified":"2023-12-11T08:49:32","modified_gmt":"2023-12-11T08:49:32","slug":"asiento-del-bano-oval","status":"publish","type":"product","link":"https:\/\/atlastoilets.com\/es\/producto\/asiento-del-bano-oval\/","title":{"rendered":"Asiento del ba\u00f1o oval"},"content":{"rendered":"<p><span id=\"result_box\" class=\"\" lang=\"es\"><span class=\"hps\">Asiento del ba<span class=\"st\">\u00f1<\/span>o<\/span> o<span class=\"hps\">val<\/span> <span class=\"hps\">adecuado <\/span><\/span>para varios ba\u00f1os port\u00e1tiles.<br \/>\nPor favor, aseg\u00farese de elegir la forma correcta. La versi\u00f3n redonda se puede encontrar en <a href=\"https:\/\/atlastoilets.com\/es\/producto\/asiento-de-bano-redondo\/\">esta p\u00e1gina<\/a>.<\/p>\n","protected":false},"excerpt":{"rendered":"<p><span id=\"result_box\" class=\"\" lang=\"es\"><span class=\"hps\">Asiento del ba<span class=\"st\">\u00f1<\/span>o<\/span> o<span class=\"hps\">val<\/span> <span class=\"hps\">adecuado para<\/span> los banos port\u00e1tiles <span class=\"hps\">Resolve<\/span>, <span class=\"hps\">Sinergia y<\/span> <span class=\"hps\">Satellite\u00ae<\/span> <span class=\"hps\">Maxim<\/span> <span class=\"hps\">3000<\/span><\/span><\/p>\n","protected":false},"featured_media":26572,"template":"","meta":[],"product_brand":[],"product_cat":[1284,928],"product_tag":[676,677,1157,679],"class_list":{"0":"post-20279","1":"product","2":"type-product","3":"status-publish","4":"has-post-thumbnail","6":"product_cat-repuestos-para-banos-apollo","7":"product_cat-piezas-de-bano-universales","8":"product_tag-asiento-del-bano","9":"product_tag-negro","10":"product_tag-oval-es","11":"product_tag-urinarios-portatiles","13":"first","14":"instock","15":"taxable","16":"shipping-taxable","17":"purchasable","18":"product-type-simple"},"yoast_head":"<!-- This site is optimized with the Yoast SEO plugin v26.1.1 - https:\/\/yoast.com\/wordpress\/plugins\/seo\/ -->\n<title>Asiento del ba\u00f1o redondo abierto para ba\u00f1os Satellite\u00ae<\/title>\n<meta name=\"description\" content=\"Asiento del ba\u00f1o oval adecuado para varios ba\u00f1os port\u00e1tiles. Por favor, aseg\u00farese de elegir la forma correcta.\" \/>\n<meta name=\"robots\" content=\"index, follow, max-snippet:-1, max-image-preview:large, max-video-preview:-1\" \/>\n<link rel=\"canonical\" href=\"https:\/\/atlastoilets.com\/es\/producto\/asiento-del-bano-oval\/\" \/>\n<meta property=\"og:locale\" content=\"es_ES\" \/>\n<meta property=\"og:type\" content=\"article\" \/>\n<meta property=\"og:title\" content=\"Asiento del ba\u00f1o redondo abierto para ba\u00f1os Satellite\u00ae\" \/>\n<meta property=\"og:description\" content=\"Asiento del ba\u00f1o oval adecuado para varios ba\u00f1os port\u00e1tiles. Por favor, aseg\u00farese de elegir la forma correcta.\" \/>\n<meta property=\"og:url\" content=\"https:\/\/atlastoilets.com\/es\/producto\/asiento-del-bano-oval\/\" \/>\n<meta property=\"og:site_name\" content=\"Resolve Sanitation Products\" \/>\n<meta property=\"article:modified_time\" content=\"2023-12-11T08:49:32+00:00\" \/>\n<meta property=\"og:image\" content=\"https:\/\/atlastoilets.com\/wp-content\/uploads\/2022\/03\/elogated-toilet-seat.jpg\" \/>\n\t<meta property=\"og:image:width\" content=\"1000\" \/>\n\t<meta property=\"og:image:height\" content=\"1000\" \/>\n\t<meta property=\"og:image:type\" content=\"image\/jpeg\" \/>\n<meta name=\"twitter:card\" content=\"summary_large_image\" \/>\n<meta name=\"twitter:label1\" content=\"Tiempo de lectura\" \/>\n\t<meta name=\"twitter:data1\" content=\"1 minuto\" \/>\n<script type=\"application\/ld+json\" class=\"yoast-schema-graph\">{\"@context\":\"https:\/\/schema.org\",\"@graph\":[{\"@type\":[\"WebPage\",\"ItemPage\"],\"@id\":\"https:\/\/atlastoilets.com\/es\/producto\/asiento-del-bano-oval\/\",\"url\":\"https:\/\/atlastoilets.com\/es\/producto\/asiento-del-bano-oval\/\",\"name\":\"Asiento del ba\u00f1o redondo abierto para ba\u00f1os Satellite\u00ae\",\"isPartOf\":{\"@id\":\"https:\/\/atlastoilets.com\/#website\"},\"primaryImageOfPage\":{\"@id\":\"https:\/\/atlastoilets.com\/es\/producto\/asiento-del-bano-oval\/#primaryimage\"},\"image\":{\"@id\":\"https:\/\/atlastoilets.com\/es\/producto\/asiento-del-bano-oval\/#primaryimage\"},\"thumbnailUrl\":\"https:\/\/atlastoilets.com\/wp-content\/uploads\/2022\/03\/elogated-toilet-seat.jpg\",\"datePublished\":\"2022-03-07T13:40:31+00:00\",\"dateModified\":\"2023-12-11T08:49:32+00:00\",\"description\":\"Asiento del ba\u00f1o oval adecuado para varios ba\u00f1os port\u00e1tiles. Por favor, aseg\u00farese de elegir la forma correcta.\",\"breadcrumb\":{\"@id\":\"https:\/\/atlastoilets.com\/es\/producto\/asiento-del-bano-oval\/#breadcrumb\"},\"inLanguage\":\"es\",\"potentialAction\":[{\"@type\":\"ReadAction\",\"target\":[\"https:\/\/atlastoilets.com\/es\/producto\/asiento-del-bano-oval\/\"]}]},{\"@type\":\"ImageObject\",\"inLanguage\":\"es\",\"@id\":\"https:\/\/atlastoilets.com\/es\/producto\/asiento-del-bano-oval\/#primaryimage\",\"url\":\"https:\/\/atlastoilets.com\/wp-content\/uploads\/2022\/03\/elogated-toilet-seat.jpg\",\"contentUrl\":\"https:\/\/atlastoilets.com\/wp-content\/uploads\/2022\/03\/elogated-toilet-seat.jpg\",\"width\":1000,\"height\":1000,\"caption\":\"Asiento del ba\u00f1o redondo\"},{\"@type\":\"BreadcrumbList\",\"@id\":\"https:\/\/atlastoilets.com\/es\/producto\/asiento-del-bano-oval\/#breadcrumb\",\"itemListElement\":[{\"@type\":\"ListItem\",\"position\":1,\"name\":\"Home\",\"item\":\"https:\/\/atlastoilets.com\/es\/\"},{\"@type\":\"ListItem\",\"position\":2,\"name\":\"Tienda\",\"item\":\"https:\/\/atlastoilets.com\/es\/tienda\/\"},{\"@type\":\"ListItem\",\"position\":3,\"name\":\"Asiento del ba\u00f1o oval\"}]},{\"@type\":\"WebSite\",\"@id\":\"https:\/\/atlastoilets.com\/#website\",\"url\":\"https:\/\/atlastoilets.com\/\",\"name\":\"Resolve Sanitation Products\",\"description\":\"Total supplier for toilet rental companies\",\"potentialAction\":[{\"@type\":\"SearchAction\",\"target\":{\"@type\":\"EntryPoint\",\"urlTemplate\":\"https:\/\/atlastoilets.com\/?s={search_term_string}\"},\"query-input\":{\"@type\":\"PropertyValueSpecification\",\"valueRequired\":true,\"valueName\":\"search_term_string\"}}],\"inLanguage\":\"es\"}]}<\/script>\n<!-- \/ Yoast SEO plugin. -->","yoast_head_json":{"title":"Asiento del ba\u00f1o redondo abierto para ba\u00f1os Satellite\u00ae","description":"Asiento del ba\u00f1o oval adecuado para varios ba\u00f1os port\u00e1tiles. Por favor, aseg\u00farese de elegir la forma correcta.","robots":{"index":"index","follow":"follow","max-snippet":"max-snippet:-1","max-image-preview":"max-image-preview:large","max-video-preview":"max-video-preview:-1"},"canonical":"https:\/\/atlastoilets.com\/es\/producto\/asiento-del-bano-oval\/","og_locale":"es_ES","og_type":"article","og_title":"Asiento del ba\u00f1o redondo abierto para ba\u00f1os Satellite\u00ae","og_description":"Asiento del ba\u00f1o oval adecuado para varios ba\u00f1os port\u00e1tiles. Por favor, aseg\u00farese de elegir la forma correcta.","og_url":"https:\/\/atlastoilets.com\/es\/producto\/asiento-del-bano-oval\/","og_site_name":"Resolve Sanitation Products","article_modified_time":"2023-12-11T08:49:32+00:00","og_image":[{"width":1000,"height":1000,"url":"https:\/\/atlastoilets.com\/wp-content\/uploads\/2022\/03\/elogated-toilet-seat.jpg","type":"image\/jpeg"}],"twitter_card":"summary_large_image","twitter_misc":{"Tiempo de lectura":"1 minuto"},"schema":{"@context":"https:\/\/schema.org","@graph":[{"@type":["WebPage","ItemPage"],"@id":"https:\/\/atlastoilets.com\/es\/producto\/asiento-del-bano-oval\/","url":"https:\/\/atlastoilets.com\/es\/producto\/asiento-del-bano-oval\/","name":"Asiento del ba\u00f1o redondo abierto para ba\u00f1os Satellite\u00ae","isPartOf":{"@id":"https:\/\/atlastoilets.com\/#website"},"primaryImageOfPage":{"@id":"https:\/\/atlastoilets.com\/es\/producto\/asiento-del-bano-oval\/#primaryimage"},"image":{"@id":"https:\/\/atlastoilets.com\/es\/producto\/asiento-del-bano-oval\/#primaryimage"},"thumbnailUrl":"https:\/\/atlastoilets.com\/wp-content\/uploads\/2022\/03\/elogated-toilet-seat.jpg","datePublished":"2022-03-07T13:40:31+00:00","dateModified":"2023-12-11T08:49:32+00:00","description":"Asiento del ba\u00f1o oval adecuado para varios ba\u00f1os port\u00e1tiles. Por favor, aseg\u00farese de elegir la forma correcta.","breadcrumb":{"@id":"https:\/\/atlastoilets.com\/es\/producto\/asiento-del-bano-oval\/#breadcrumb"},"inLanguage":"es","potentialAction":[{"@type":"ReadAction","target":["https:\/\/atlastoilets.com\/es\/producto\/asiento-del-bano-oval\/"]}]},{"@type":"ImageObject","inLanguage":"es","@id":"https:\/\/atlastoilets.com\/es\/producto\/asiento-del-bano-oval\/#primaryimage","url":"https:\/\/atlastoilets.com\/wp-content\/uploads\/2022\/03\/elogated-toilet-seat.jpg","contentUrl":"https:\/\/atlastoilets.com\/wp-content\/uploads\/2022\/03\/elogated-toilet-seat.jpg","width":1000,"height":1000,"caption":"Asiento del ba\u00f1o redondo"},{"@type":"BreadcrumbList","@id":"https:\/\/atlastoilets.com\/es\/producto\/asiento-del-bano-oval\/#breadcrumb","itemListElement":[{"@type":"ListItem","position":1,"name":"Home","item":"https:\/\/atlastoilets.com\/es\/"},{"@type":"ListItem","position":2,"name":"Tienda","item":"https:\/\/atlastoilets.com\/es\/tienda\/"},{"@type":"ListItem","position":3,"name":"Asiento del ba\u00f1o oval"}]},{"@type":"WebSite","@id":"https:\/\/atlastoilets.com\/#website","url":"https:\/\/atlastoilets.com\/","name":"Resolve Sanitation Products","description":"Total supplier for toilet rental companies","potentialAction":[{"@type":"SearchAction","target":{"@type":"EntryPoint","urlTemplate":"https:\/\/atlastoilets.com\/?s={search_term_string}"},"query-input":{"@type":"PropertyValueSpecification","valueRequired":true,"valueName":"search_term_string"}}],"inLanguage":"es"}]}},"_links":{"self":[{"href":"https:\/\/atlastoilets.com\/es\/wp-json\/wp\/v2\/product\/20279","targetHints":{"allow":["GET"]}}],"collection":[{"href":"https:\/\/atlastoilets.com\/es\/wp-json\/wp\/v2\/product"}],"about":[{"href":"https:\/\/atlastoilets.com\/es\/wp-json\/wp\/v2\/types\/product"}],"wp:featuredmedia":[{"embeddable":true,"href":"https:\/\/atlastoilets.com\/es\/wp-json\/wp\/v2\/media\/26572"}],"wp:attachment":[{"href":"https:\/\/atlastoilets.com\/es\/wp-json\/wp\/v2\/media?parent=20279"}],"wp:term":[{"taxonomy":"product_brand","embeddable":true,"href":"https:\/\/atlastoilets.com\/es\/wp-json\/wp\/v2\/product_brand?post=20279"},{"taxonomy":"product_cat","embeddable":true,"href":"https:\/\/atlastoilets.com\/es\/wp-json\/wp\/v2\/product_cat?post=20279"},{"taxonomy":"product_tag","embeddable":true,"href":"https:\/\/atlastoilets.com\/es\/wp-json\/wp\/v2\/product_tag?post=20279"}],"curies":[{"name":"wp","href":"https:\/\/api.w.org\/{rel}","templated":true}]}}