{"id":20278,"date":"2022-03-07T13:40:31","date_gmt":"2022-03-07T13:40:31","guid":{"rendered":"https:\/\/www.mobileurinal.eu\/product\/asiento-de-bano-redondo\/"},"modified":"2022-06-08T11:18:26","modified_gmt":"2022-06-08T11:18:26","slug":"asiento-de-bano-redondo","status":"publish","type":"product","link":"https:\/\/atlastoilets.com\/es\/producto\/asiento-de-bano-redondo\/","title":{"rendered":"Asiento de ba\u00f1o redondo"},"content":{"rendered":"<p>Asiento de ba\u00f1o redondo para los ba\u00f1os port\u00e1tiles Satellite\u00ae Tufway, Satellite\u00ae Maxim2000, Poly John PJ III, Poly Portables, Thal Mondo, Global Fliegenschmidt y\u00a0Five Peaks.<br \/>\nUn asiento de inodoro oval se puede encontrar en <a href=\"https:\/\/atlastoilets.com\/es\/producto\/asiento-del-bano-oval\/\">esta p\u00e1gina<\/a>.<\/p>\n","protected":false},"excerpt":{"rendered":"<p>Asiento de ba\u00f1o redondo para los ba\u00f1os port\u00e1tiles Satellite\u00ae Tufway, Satellite\u00ae Maxim2000, Poly John PJ III, Poly Portables, Thal Mondo, Global Fliegenschmidt y\u00a0Five Peaks<\/p>\n","protected":false},"featured_media":26572,"template":"","meta":[],"product_brand":[],"product_cat":[928,917,924],"product_tag":[676,677,678,679],"class_list":{"0":"post-20278","1":"product","2":"type-product","3":"status-publish","4":"has-post-thumbnail","6":"product_cat-piezas-de-bano-universales","7":"product_cat-repuestos-de-five-peaks","8":"product_cat-repuestos-de-polyportables","9":"product_tag-asiento-del-bano","10":"product_tag-negro","11":"product_tag-redondo","12":"product_tag-urinarios-portatiles","14":"first","15":"instock","16":"taxable","17":"shipping-taxable","18":"purchasable","19":"product-type-simple"},"yoast_head":"<!-- This site is optimized with the Yoast SEO plugin v26.1.1 - https:\/\/yoast.com\/wordpress\/plugins\/seo\/ -->\n<title>Asiento de ba\u00f1o redondo para ba\u00f1os port\u00e1tiles<\/title>\n<meta name=\"description\" content=\"Asiento de ba\u00f1o redondo para los ba\u00f1os port\u00e1tiles Satellite, Poly John, Poly Portables, Thal Mondo, Global Fliegenschmidt y\u00a0Five Peaks\" \/>\n<meta name=\"robots\" content=\"index, follow, max-snippet:-1, max-image-preview:large, max-video-preview:-1\" \/>\n<link rel=\"canonical\" href=\"https:\/\/atlastoilets.com\/es\/producto\/asiento-de-bano-redondo\/\" \/>\n<meta property=\"og:locale\" content=\"es_ES\" \/>\n<meta property=\"og:type\" content=\"article\" \/>\n<meta property=\"og:title\" content=\"Asiento de ba\u00f1o redondo para ba\u00f1os port\u00e1tiles\" \/>\n<meta property=\"og:description\" content=\"Asiento de ba\u00f1o redondo para los ba\u00f1os port\u00e1tiles Satellite, Poly John, Poly Portables, Thal Mondo, Global Fliegenschmidt y\u00a0Five Peaks\" \/>\n<meta property=\"og:url\" content=\"https:\/\/atlastoilets.com\/es\/producto\/asiento-de-bano-redondo\/\" \/>\n<meta property=\"og:site_name\" content=\"Resolve Sanitation Products\" \/>\n<meta property=\"article:modified_time\" content=\"2022-06-08T11:18:26+00:00\" \/>\n<meta property=\"og:image\" content=\"https:\/\/atlastoilets.com\/wp-content\/uploads\/2022\/03\/elogated-toilet-seat.jpg\" \/>\n\t<meta property=\"og:image:width\" content=\"1000\" \/>\n\t<meta property=\"og:image:height\" content=\"1000\" \/>\n\t<meta property=\"og:image:type\" content=\"image\/jpeg\" \/>\n<meta name=\"twitter:card\" content=\"summary_large_image\" \/>\n<meta name=\"twitter:label1\" content=\"Tiempo de lectura\" \/>\n\t<meta name=\"twitter:data1\" content=\"1 minuto\" \/>\n<script type=\"application\/ld+json\" class=\"yoast-schema-graph\">{\"@context\":\"https:\/\/schema.org\",\"@graph\":[{\"@type\":[\"WebPage\",\"ItemPage\"],\"@id\":\"https:\/\/atlastoilets.com\/es\/producto\/asiento-de-bano-redondo\/\",\"url\":\"https:\/\/atlastoilets.com\/es\/producto\/asiento-de-bano-redondo\/\",\"name\":\"Asiento de ba\u00f1o redondo para ba\u00f1os port\u00e1tiles\",\"isPartOf\":{\"@id\":\"https:\/\/atlastoilets.com\/#website\"},\"primaryImageOfPage\":{\"@id\":\"https:\/\/atlastoilets.com\/es\/producto\/asiento-de-bano-redondo\/#primaryimage\"},\"image\":{\"@id\":\"https:\/\/atlastoilets.com\/es\/producto\/asiento-de-bano-redondo\/#primaryimage\"},\"thumbnailUrl\":\"https:\/\/atlastoilets.com\/wp-content\/uploads\/2022\/03\/elogated-toilet-seat.jpg\",\"datePublished\":\"2022-03-07T13:40:31+00:00\",\"dateModified\":\"2022-06-08T11:18:26+00:00\",\"description\":\"Asiento de ba\u00f1o redondo para los ba\u00f1os port\u00e1tiles Satellite, Poly John, Poly Portables, Thal Mondo, Global Fliegenschmidt y\u00a0Five Peaks\",\"breadcrumb\":{\"@id\":\"https:\/\/atlastoilets.com\/es\/producto\/asiento-de-bano-redondo\/#breadcrumb\"},\"inLanguage\":\"es\",\"potentialAction\":[{\"@type\":\"ReadAction\",\"target\":[\"https:\/\/atlastoilets.com\/es\/producto\/asiento-de-bano-redondo\/\"]}]},{\"@type\":\"ImageObject\",\"inLanguage\":\"es\",\"@id\":\"https:\/\/atlastoilets.com\/es\/producto\/asiento-de-bano-redondo\/#primaryimage\",\"url\":\"https:\/\/atlastoilets.com\/wp-content\/uploads\/2022\/03\/elogated-toilet-seat.jpg\",\"contentUrl\":\"https:\/\/atlastoilets.com\/wp-content\/uploads\/2022\/03\/elogated-toilet-seat.jpg\",\"width\":1000,\"height\":1000,\"caption\":\"Asiento del ba\u00f1o redondo\"},{\"@type\":\"BreadcrumbList\",\"@id\":\"https:\/\/atlastoilets.com\/es\/producto\/asiento-de-bano-redondo\/#breadcrumb\",\"itemListElement\":[{\"@type\":\"ListItem\",\"position\":1,\"name\":\"Home\",\"item\":\"https:\/\/atlastoilets.com\/es\/\"},{\"@type\":\"ListItem\",\"position\":2,\"name\":\"Tienda\",\"item\":\"https:\/\/atlastoilets.com\/es\/tienda\/\"},{\"@type\":\"ListItem\",\"position\":3,\"name\":\"Asiento de ba\u00f1o redondo\"}]},{\"@type\":\"WebSite\",\"@id\":\"https:\/\/atlastoilets.com\/#website\",\"url\":\"https:\/\/atlastoilets.com\/\",\"name\":\"Resolve Sanitation Products\",\"description\":\"Total supplier for toilet rental companies\",\"potentialAction\":[{\"@type\":\"SearchAction\",\"target\":{\"@type\":\"EntryPoint\",\"urlTemplate\":\"https:\/\/atlastoilets.com\/?s={search_term_string}\"},\"query-input\":{\"@type\":\"PropertyValueSpecification\",\"valueRequired\":true,\"valueName\":\"search_term_string\"}}],\"inLanguage\":\"es\"}]}<\/script>\n<!-- \/ Yoast SEO plugin. -->","yoast_head_json":{"title":"Asiento de ba\u00f1o redondo para ba\u00f1os port\u00e1tiles","description":"Asiento de ba\u00f1o redondo para los ba\u00f1os port\u00e1tiles Satellite, Poly John, Poly Portables, Thal Mondo, Global Fliegenschmidt y\u00a0Five Peaks","robots":{"index":"index","follow":"follow","max-snippet":"max-snippet:-1","max-image-preview":"max-image-preview:large","max-video-preview":"max-video-preview:-1"},"canonical":"https:\/\/atlastoilets.com\/es\/producto\/asiento-de-bano-redondo\/","og_locale":"es_ES","og_type":"article","og_title":"Asiento de ba\u00f1o redondo para ba\u00f1os port\u00e1tiles","og_description":"Asiento de ba\u00f1o redondo para los ba\u00f1os port\u00e1tiles Satellite, Poly John, Poly Portables, Thal Mondo, Global Fliegenschmidt y\u00a0Five Peaks","og_url":"https:\/\/atlastoilets.com\/es\/producto\/asiento-de-bano-redondo\/","og_site_name":"Resolve Sanitation Products","article_modified_time":"2022-06-08T11:18:26+00:00","og_image":[{"width":1000,"height":1000,"url":"https:\/\/atlastoilets.com\/wp-content\/uploads\/2022\/03\/elogated-toilet-seat.jpg","type":"image\/jpeg"}],"twitter_card":"summary_large_image","twitter_misc":{"Tiempo de lectura":"1 minuto"},"schema":{"@context":"https:\/\/schema.org","@graph":[{"@type":["WebPage","ItemPage"],"@id":"https:\/\/atlastoilets.com\/es\/producto\/asiento-de-bano-redondo\/","url":"https:\/\/atlastoilets.com\/es\/producto\/asiento-de-bano-redondo\/","name":"Asiento de ba\u00f1o redondo para ba\u00f1os port\u00e1tiles","isPartOf":{"@id":"https:\/\/atlastoilets.com\/#website"},"primaryImageOfPage":{"@id":"https:\/\/atlastoilets.com\/es\/producto\/asiento-de-bano-redondo\/#primaryimage"},"image":{"@id":"https:\/\/atlastoilets.com\/es\/producto\/asiento-de-bano-redondo\/#primaryimage"},"thumbnailUrl":"https:\/\/atlastoilets.com\/wp-content\/uploads\/2022\/03\/elogated-toilet-seat.jpg","datePublished":"2022-03-07T13:40:31+00:00","dateModified":"2022-06-08T11:18:26+00:00","description":"Asiento de ba\u00f1o redondo para los ba\u00f1os port\u00e1tiles Satellite, Poly John, Poly Portables, Thal Mondo, Global Fliegenschmidt y\u00a0Five Peaks","breadcrumb":{"@id":"https:\/\/atlastoilets.com\/es\/producto\/asiento-de-bano-redondo\/#breadcrumb"},"inLanguage":"es","potentialAction":[{"@type":"ReadAction","target":["https:\/\/atlastoilets.com\/es\/producto\/asiento-de-bano-redondo\/"]}]},{"@type":"ImageObject","inLanguage":"es","@id":"https:\/\/atlastoilets.com\/es\/producto\/asiento-de-bano-redondo\/#primaryimage","url":"https:\/\/atlastoilets.com\/wp-content\/uploads\/2022\/03\/elogated-toilet-seat.jpg","contentUrl":"https:\/\/atlastoilets.com\/wp-content\/uploads\/2022\/03\/elogated-toilet-seat.jpg","width":1000,"height":1000,"caption":"Asiento del ba\u00f1o redondo"},{"@type":"BreadcrumbList","@id":"https:\/\/atlastoilets.com\/es\/producto\/asiento-de-bano-redondo\/#breadcrumb","itemListElement":[{"@type":"ListItem","position":1,"name":"Home","item":"https:\/\/atlastoilets.com\/es\/"},{"@type":"ListItem","position":2,"name":"Tienda","item":"https:\/\/atlastoilets.com\/es\/tienda\/"},{"@type":"ListItem","position":3,"name":"Asiento de ba\u00f1o redondo"}]},{"@type":"WebSite","@id":"https:\/\/atlastoilets.com\/#website","url":"https:\/\/atlastoilets.com\/","name":"Resolve Sanitation Products","description":"Total supplier for toilet rental companies","potentialAction":[{"@type":"SearchAction","target":{"@type":"EntryPoint","urlTemplate":"https:\/\/atlastoilets.com\/?s={search_term_string}"},"query-input":{"@type":"PropertyValueSpecification","valueRequired":true,"valueName":"search_term_string"}}],"inLanguage":"es"}]}},"_links":{"self":[{"href":"https:\/\/atlastoilets.com\/es\/wp-json\/wp\/v2\/product\/20278","targetHints":{"allow":["GET"]}}],"collection":[{"href":"https:\/\/atlastoilets.com\/es\/wp-json\/wp\/v2\/product"}],"about":[{"href":"https:\/\/atlastoilets.com\/es\/wp-json\/wp\/v2\/types\/product"}],"wp:featuredmedia":[{"embeddable":true,"href":"https:\/\/atlastoilets.com\/es\/wp-json\/wp\/v2\/media\/26572"}],"wp:attachment":[{"href":"https:\/\/atlastoilets.com\/es\/wp-json\/wp\/v2\/media?parent=20278"}],"wp:term":[{"taxonomy":"product_brand","embeddable":true,"href":"https:\/\/atlastoilets.com\/es\/wp-json\/wp\/v2\/product_brand?post=20278"},{"taxonomy":"product_cat","embeddable":true,"href":"https:\/\/atlastoilets.com\/es\/wp-json\/wp\/v2\/product_cat?post=20278"},{"taxonomy":"product_tag","embeddable":true,"href":"https:\/\/atlastoilets.com\/es\/wp-json\/wp\/v2\/product_tag?post=20278"}],"curies":[{"name":"wp","href":"https:\/\/api.w.org\/{rel}","templated":true}]}}